{"id":46,"date":"2026-03-26T12:28:23","date_gmt":"2026-03-26T12:28:23","guid":{"rendered":"http:\/\/basicgreenfriends.com\/?page_id=46"},"modified":"2026-03-26T12:44:18","modified_gmt":"2026-03-26T12:44:18","slug":"champus-solidos","status":"publish","type":"page","link":"https:\/\/basicgreenfriends.com\/index.php\/champus-solidos\/","title":{"rendered":"CHAMP\u00daS S\u00d3LIDOS"},"content":{"rendered":"\n<div class=\"wp-block-group alignfull is-layout-flow wp-container-core-group-is-layout-d6743c7d wp-block-group-is-layout-flow\">\n<div class=\"wp-block-group alignfull has-header-foreground-color has-header-background-background-color has-text-color has-background is-layout-constrained wp-container-core-group-is-layout-89ae1b9e wp-block-group-is-layout-constrained\" style=\"padding-top:0px;padding-bottom:0px\">\n<div style=\"height:50px\" aria-hidden=\"true\" class=\"wp-block-spacer\"><\/div>\n\n\n\n<div class=\"wp-block-columns is-layout-flex wp-container-core-columns-is-layout-d9fa6a0d wp-block-columns-is-layout-flex\">\n<div class=\"wp-block-column is-vertically-aligned-center is-layout-flow wp-block-column-is-layout-flow\" style=\"flex-basis:40%\">\n<h2 class=\"wp-block-heading has-header-titles-color has-text-color has-huge-font-size\" style=\"font-style:normal;font-weight:600\">CHAMP\u00da S\u00d3LIDO ANTIINFLAMATORIO NATURAL<\/h2>\n\n\n\n<p><\/p>\n<div class=\"flex flex-col text-sm pb-25\">\n<section class=\"text-token-text-primary w-full focus:outline-none [--shadow-height:45px] has-data-writing-block:pointer-events-none has-data-writing-block:-mt-(--shadow-height) has-data-writing-block:pt-(--shadow-height) [&amp;:has([data-writing-block])&gt;*]:pointer-events-auto scroll-mt-[calc(var(--header-height)+min(200px,max(70px,20svh)))]\" dir=\"auto\" data-turn-id=\"request-WEB:e4d715d3-09af-4636-b31b-875a19e33519-5\" data-testid=\"conversation-turn-12\" data-scroll-anchor=\"true\" data-turn=\"assistant\">\n<div class=\"text-base my-auto mx-auto pb-10 [--thread-content-margin:var(--thread-content-margin-xs,calc(var(--spacing)*4))] @w-sm\/main:[--thread-content-margin:var(--thread-content-margin-sm,calc(var(--spacing)*6))] @w-lg\/main:[--thread-content-margin:var(--thread-content-margin-lg,calc(var(--spacing)*16))] px-(--thread-content-margin)\">\n<div class=\"[--thread-content-max-width:40rem] @w-lg\/main:[--thread-content-max-width:48rem] mx-auto max-w-(--thread-content-max-width) flex-1 group\/turn-messages focus-visible:outline-hidden relative flex w-full min-w-0 flex-col agent-turn\">\n<div class=\"flex max-w-full flex-col gap-4 grow\">\n<div class=\"min-h-8 text-message relative flex w-full flex-col items-end gap-2 text-start break-words whitespace-normal outline-none keyboard-focused:focus-ring [.text-message+&amp;]:mt-1\" dir=\"auto\" tabindex=\"0\" data-message-author-role=\"assistant\" data-message-id=\"d2ee6b49-c164-4a67-b4f2-657462ccc2d7\" data-message-model-slug=\"gpt-5-3\" data-turn-start-message=\"true\">\n<div class=\"flex w-full flex-col gap-1 empty:hidden\">\n<div class=\"markdown prose dark:prose-invert w-full wrap-break-word light markdown-new-styling\">\n<p data-start=\"71\" data-end=\"266\">Champ\u00fa s\u00f3lido artesanal elaborado con base de glicerina natural \ud83c\udf3f y una cuidada combinaci\u00f3n de avena, miel, leche y canela \ud83c\udf6f\ud83e\udd5b, dise\u00f1ado para nutrir el cabello desde la ra\u00edz hasta las puntas.<\/p>\n<p data-start=\"268\" data-end=\"540\">La avena ayuda a calmar el cuero cabelludo y aporta suavidad \ud83c\udf3e, mientras que la miel hidrata en profundidad y devuelve el brillo natural \u2728. La leche fortalece el cabello y lo deja m\u00e1s sedoso \ud83e\udd5b, y la canela aporta un efecto estimulante que revitaliza y mejora su aspecto.<\/p>\n<p data-start=\"542\" data-end=\"789\">Limpia con suavidad sin resecar \ud83d\udca7, dejando el cabello suelto, hidratado y con un aroma c\u00e1lido y agradable. Ideal para quienes buscan una alternativa natural, sin qu\u00edmicos agresivos \ud83d\udeab, respetuosa con el cuero cabelludo y con el medio ambiente \u267b\ufe0f.<\/p>\n<p data-start=\"791\" data-end=\"883\">Adem\u00e1s, al ser s\u00f3lido, dura m\u00e1s que un champ\u00fa convencional y elimina el uso de pl\u00e1sticos \ud83c\udf0d.<\/p>\n<hr data-start=\"885\" data-end=\"888\" data-is-last-node=\"\" data-is-only-node=\"\" \/><\/div>\n<\/div>\n<\/div>\n<\/div>\n<div class=\"z-0 flex min-h-[46px] justify-start\">\u00a0<\/div>\n<div class=\"mt-3 w-full empty:hidden\">\n<div class=\"text-center\">\u00a0<\/div>\n<\/div>\n<\/div>\n<\/div>\n<\/section>\n<\/div>\n<div class=\"pointer-events-none h-px w-px absolute bottom-0\" aria-hidden=\"true\" data-edge=\"true\">\u00a0<\/div>\n<p><\/p>\n\n\n\n<div style=\"height:20px\" aria-hidden=\"true\" class=\"wp-block-spacer\"><\/div>\n\n\n\n<div class=\"wp-block-buttons is-layout-flex wp-block-buttons-is-layout-flex\">\n<div class=\"wp-block-button\"><a class=\"wp-block-button__link has-normal-font-size has-custom-font-size wp-element-button\" href=\"http:\/\/basicgreenfriends.com\/index.php\/wc-easypay\/\" style=\"padding-top:var(--wp--preset--spacing--20);padding-right:var(--wp--preset--spacing--50);padding-bottom:var(--wp--preset--spacing--20);padding-left:var(--wp--preset--spacing--50)\"><strong>Shop now<\/strong><\/a><\/div>\n<\/div>\n<\/div>\n\n\n\n<div class=\"wp-block-column is-vertically-aligned-bottom is-layout-flow wp-block-column-is-layout-flow\" style=\"flex-basis:60%\">\n<figure class=\"wp-block-image size-large is-style-default\"><img loading=\"lazy\" decoding=\"async\" width=\"683\" height=\"1024\" src=\"http:\/\/basicgreenfriends.com\/wp-content\/uploads\/2026\/03\/ChatGPT-Image-26-mar-2026-10_33_19-683x1024.png\" alt=\"\" class=\"wp-image-21\" srcset=\"https:\/\/basicgreenfriends.com\/wp-content\/uploads\/2026\/03\/ChatGPT-Image-26-mar-2026-10_33_19-683x1024.png 683w, https:\/\/basicgreenfriends.com\/wp-content\/uploads\/2026\/03\/ChatGPT-Image-26-mar-2026-10_33_19-200x300.png 200w, https:\/\/basicgreenfriends.com\/wp-content\/uploads\/2026\/03\/ChatGPT-Image-26-mar-2026-10_33_19-768x1152.png 768w, https:\/\/basicgreenfriends.com\/wp-content\/uploads\/2026\/03\/ChatGPT-Image-26-mar-2026-10_33_19.png 1024w\" sizes=\"auto, (max-width: 683px) 100vw, 683px\" \/><\/figure>\n<\/div>\n<\/div>\n<\/div>\n\n\n\n<div class=\"wp-block-columns alignfull is-layout-flex wp-container-core-columns-is-layout-d2ca7aa4 wp-block-columns-is-layout-flex\">\n<div class=\"wp-block-column is-layout-flow wp-block-column-is-layout-flow\">\n<div class=\"wp-block-cover aligncenter\" style=\"min-height:100%;aspect-ratio:unset;\"><img loading=\"lazy\" decoding=\"async\" width=\"683\" height=\"1024\" class=\"wp-block-cover__image-background wp-image-49 size-large\" alt=\"\" src=\"http:\/\/basicgreenfriends.com\/wp-content\/uploads\/2026\/03\/ce2f69f4-d6f2-4f11-b1f3-76aedff0a870-683x1024.png\" data-object-fit=\"cover\" srcset=\"https:\/\/basicgreenfriends.com\/wp-content\/uploads\/2026\/03\/ce2f69f4-d6f2-4f11-b1f3-76aedff0a870-683x1024.png 683w, https:\/\/basicgreenfriends.com\/wp-content\/uploads\/2026\/03\/ce2f69f4-d6f2-4f11-b1f3-76aedff0a870-200x300.png 200w, https:\/\/basicgreenfriends.com\/wp-content\/uploads\/2026\/03\/ce2f69f4-d6f2-4f11-b1f3-76aedff0a870-768x1152.png 768w, https:\/\/basicgreenfriends.com\/wp-content\/uploads\/2026\/03\/ce2f69f4-d6f2-4f11-b1f3-76aedff0a870-1024x1536.png 1024w, https:\/\/basicgreenfriends.com\/wp-content\/uploads\/2026\/03\/ce2f69f4-d6f2-4f11-b1f3-76aedff0a870.png 1365w\" sizes=\"auto, (max-width: 683px) 100vw, 683px\" \/><span aria-hidden=\"true\" class=\"wp-block-cover__background has-background-dim-0 has-background-dim\" style=\"background-color:#645644\"><\/span><div class=\"wp-block-cover__inner-container is-layout-flow wp-block-cover-is-layout-flow\">\n<p class=\"has-text-align-center has-large-font-size\">El Caf\u00e9 y tus c\u00e9lulas<\/p>\n<\/div><\/div>\n<\/div>\n\n\n\n<div class=\"wp-block-column is-vertically-aligned-center is-layout-constrained wp-container-core-column-is-layout-186d3446 wp-block-column-is-layout-constrained\">\n<div style=\"height:100px\" aria-hidden=\"true\" class=\"wp-block-spacer\"><\/div>\n\n\n\n<h3 class=\"wp-block-heading has-primary-color has-text-color has-large-font-size\">Black is the new black.<\/h3>\n\n\n\n<p style=\"line-height:2\">Gumbo beet greens corn soko endive gumbo gourd. <\/p>\n\n\n\n<p style=\"line-height:2\">Parsley shallot courgette tatsoi pea sprouts fava bean collard greens dandelion okra wakame tomato. <\/p>\n\n\n\n<p style=\"line-height:2\">Dandelion cucumber earthnut pea peanut soko zucchini.<\/p>\n\n\n\n<div style=\"height:20px\" aria-hidden=\"true\" class=\"wp-block-spacer\"><\/div>\n\n\n\n<div class=\"wp-block-buttons is-layout-flex wp-block-buttons-is-layout-flex\">\n<div class=\"wp-block-button\"><a class=\"wp-block-button__link wp-element-button\" href=\"#\" style=\"padding-top:var(--wp--preset--spacing--20);padding-right:var(--wp--preset--spacing--40);padding-bottom:var(--wp--preset--spacing--20);padding-left:var(--wp--preset--spacing--40)\"><strong>VIEW OUR ACCESSORIES<\/strong><\/a><\/div>\n<\/div>\n\n\n\n<div style=\"height:100px\" aria-hidden=\"true\" class=\"wp-block-spacer\"><\/div>\n<\/div>\n<\/div>\n\n\n\n<div class=\"wp-block-columns alignfull is-layout-flex wp-container-core-columns-is-layout-d2ca7aa4 wp-block-columns-is-layout-flex\">\n<div class=\"wp-block-column is-vertically-aligned-center is-layout-constrained wp-container-core-column-is-layout-186d3446 wp-block-column-is-layout-constrained\">\n<div style=\"height:100px\" aria-hidden=\"true\" class=\"wp-block-spacer\"><\/div>\n\n\n\n<h3 class=\"wp-block-heading has-primary-color has-text-color has-large-font-size\">Jeans &amp; Denim collection<\/h3>\n\n\n\n<p style=\"line-height:2\">Gumbo beet greens corn soko endive gumbo gourd. <\/p>\n\n\n\n<p style=\"line-height:2\">Parsley shallot courgette tatsoi pea sprouts fava bean collard greens dandelion okra wakame tomato. <\/p>\n\n\n\n<p style=\"line-height:2\">Dandelion cucumber earthnut pea peanut soko zucchini.<\/p>\n\n\n\n<div style=\"height:20px\" aria-hidden=\"true\" class=\"wp-block-spacer\"><\/div>\n\n\n\n<div class=\"wp-block-buttons is-layout-flex wp-block-buttons-is-layout-flex\">\n<div class=\"wp-block-button\"><a class=\"wp-block-button__link wp-element-button\" href=\"#\" style=\"padding-top:var(--wp--preset--spacing--20);padding-right:var(--wp--preset--spacing--40);padding-bottom:var(--wp--preset--spacing--20);padding-left:var(--wp--preset--spacing--40)\"><strong>SHOP NOW<\/strong><\/a><\/div>\n<\/div>\n\n\n\n<div style=\"height:100px\" aria-hidden=\"true\" class=\"wp-block-spacer\"><\/div>\n<\/div>\n\n\n\n<div class=\"wp-block-column is-layout-flow wp-block-column-is-layout-flow\">\n<div class=\"wp-block-cover aligncenter\" style=\"min-height:100%;aspect-ratio:unset;\"><img decoding=\"async\" class=\"wp-block-cover__image-background\" alt=\"\" src=\"http:\/\/basicgreenfriends.com\/wp-content\/themes\/yith-wonder\/assets\/images\/demo-content\/home-1\/denim.jpg\" data-object-fit=\"cover\"\/><span aria-hidden=\"true\" class=\"wp-block-cover__background has-background-dim-0 has-background-dim\"><\/span><div class=\"wp-block-cover__inner-container is-layout-flow wp-block-cover-is-layout-flow\">\n<p class=\"has-text-align-center has-large-font-size\"><\/p>\n<\/div><\/div>\n<\/div>\n<\/div>\n<\/div>\n\n\n\n<div style=\"height:100px\" aria-hidden=\"true\" class=\"wp-block-spacer\"><\/div>\n\n\n\n<h3 class=\"wp-block-heading has-text-align-center has-primary-color has-text-color has-large-font-size\" style=\"font-style:normal;font-weight:600\">This week\u2019s deals<\/h3>\n\n\n\n<div style=\"height:50px\" aria-hidden=\"true\" class=\"wp-block-spacer\"><\/div>\n\n\n\n<div style=\"height:60px\" aria-hidden=\"true\" class=\"wp-block-spacer\"><\/div>\n\n\n\n<div class=\"wp-block-columns has-2-columns is-layout-flex wp-container-core-columns-is-layout-28f84493 wp-block-columns-is-layout-flex\">\n<div class=\"wp-block-column animate-fade-right is-layout-constrained wp-block-column-is-layout-constrained\" style=\"flex-basis:34%\">\n<div class=\"wp-block-cover is-light\"><span aria-hidden=\"true\" class=\"wp-block-cover__background has-background-dim-100 has-background-dim\" style=\"background-color:#f0f0f0\"><\/span><div class=\"wp-block-cover__inner-container is-layout-flow wp-block-cover-is-layout-flow\">\n<div class=\"wp-block-group is-layout-flow wp-container-core-group-is-layout-47e5a185 wp-block-group-is-layout-flow\">\n<figure class=\"wp-block-image size-large is-resized\"><img decoding=\"async\" src=\"http:\/\/basicgreenfriends.com\/wp-content\/themes\/yith-wonder\/assets\/images\/demo-content\/home-1\/glasses.jpg\" alt=\"\"\/><\/figure>\n\n\n\n<p class=\"has-text-align-center has-very-dark-gray-color has-text-color\">DISCOVERY THE TREND OF<\/p>\n\n\n\n<p class=\"has-text-align-center has-very-dark-gray-color has-text-color\" style=\"font-size:clamp(28.836px, 1.802rem + ((1vw - 3.2px) * 1.43), 50px);px;font-style:normal;font-weight:800\">GLASSES<\/p>\n<\/div>\n<\/div><\/div>\n<\/div>\n\n\n\n<div class=\"wp-block-column animate-fade-left is-layout-constrained wp-block-column-is-layout-constrained\" style=\"flex-basis:66%\">\n<div class=\"wp-block-cover\" style=\"min-height:100%;aspect-ratio:unset;\"><img decoding=\"async\" class=\"wp-block-cover__image-background\" alt=\"\" src=\"http:\/\/basicgreenfriends.com\/wp-content\/themes\/yith-wonder\/assets\/images\/demo-content\/home-1\/Intersection-1@2x.jpg\" data-object-fit=\"cover\"\/><span aria-hidden=\"true\" class=\"wp-block-cover__background has-primary-background-color has-background-dim-80 has-background-dim\"><\/span><div class=\"wp-block-cover__inner-container is-layout-flow wp-block-cover-is-layout-flow\">\n<div class=\"wp-block-group is-layout-flow wp-block-group-is-layout-flow\">\n<p class=\"has-text-align-center has-base-color has-text-color\" style=\"font-size:clamp(28.836px, 1.802rem + ((1vw - 3.2px) * 1.43), 50px);px;font-style:normal;font-weight:700;line-height:1.2\">SAVE 20% IN<br>MAN CLOTHING<\/p>\n\n\n\n<p class=\"has-text-align-center has-base-color has-text-color\" style=\"font-size:clamp(14px, 0.875rem + ((1vw - 3.2px) * 0.27), 18px);px\">Enjoy a special -20% discount on man category<\/p>\n<\/div>\n<\/div><\/div>\n<\/div>\n<\/div>\n\n\n\n<div style=\"height:100px\" aria-hidden=\"true\" class=\"wp-block-spacer\"><\/div>\n\n\n\n<div class=\"wp-block-cover alignfull\" style=\"padding-top:var(--wp--preset--spacing--80);padding-right:var(--wp--preset--spacing--80);padding-bottom:0px;padding-left:var(--wp--preset--spacing--80)\"><img decoding=\"async\" class=\"wp-block-cover__image-background\" alt=\"\" src=\"http:\/\/basicgreenfriends.com\/wp-content\/themes\/yith-wonder\/assets\/images\/demo-content\/home-1\/testimonials-bg.jpg\" data-object-fit=\"cover\"\/><span aria-hidden=\"true\" class=\"wp-block-cover__background has-primary-background-color has-background-dim-80 has-background-dim\"><\/span><div class=\"wp-block-cover__inner-container is-layout-flow wp-block-cover-is-layout-flow\">\n<div class=\"wp-block-group is-layout-constrained wp-block-group-is-layout-constrained\">\n<div class=\"wp-block-media-text alignwide has-media-on-the-right is-stacked-on-mobile\"><div class=\"wp-block-media-text__content\">\n<p class=\"has-huge-font-size\" style=\"font-style:normal;font-weight:700\">\u201c Here I can find original items, low prices without to lose quality or sustainability.<br>Love it! \u201c<\/p>\n\n\n\n<div style=\"height:50px\" aria-hidden=\"true\" class=\"wp-block-spacer\"><\/div>\n\n\n\n<p>Martha Ramos <br>Customer from 2007<\/p>\n<\/div><figure class=\"wp-block-media-text__media\"><img decoding=\"async\" src=\"http:\/\/basicgreenfriends.com\/wp-content\/themes\/yith-wonder\/assets\/images\/demo-content\/home-1\/martharamos.jpg\" alt=\"\"\/><\/figure><\/div>\n\n\n\n<div style=\"margin-bottom:-100px\"><\/div>\n<\/div>\n<\/div><\/div>\n\n\n\n<div style=\"height:150px\" aria-hidden=\"true\" class=\"wp-block-spacer\"><\/div>\n","protected":false},"excerpt":{"rendered":"<p>CHAMP\u00da S\u00d3LIDO ANTIINFLAMATORIO NATURAL Champ\u00fa s\u00f3lido artesanal elaborado con base de glicerina natural \ud83c\udf3f y una cuidada combinaci\u00f3n de avena, miel, leche y canela \ud83c\udf6f\ud83e\udd5b, dise\u00f1ado para nutrir el cabello desde la ra\u00edz hasta las puntas. La avena ayuda a calmar el cuero cabelludo y aporta suavidad \ud83c\udf3e, mientras que la miel hidrata en profundidad [&hellip;]<\/p>\n","protected":false},"author":1,"featured_media":0,"parent":0,"menu_order":0,"comment_status":"closed","ping_status":"closed","template":"","meta":{"footnotes":""},"class_list":["post-46","page","type-page","status-publish","hentry"],"_links":{"self":[{"href":"https:\/\/basicgreenfriends.com\/index.php\/wp-json\/wp\/v2\/pages\/46","targetHints":{"allow":["GET"]}}],"collection":[{"href":"https:\/\/basicgreenfriends.com\/index.php\/wp-json\/wp\/v2\/pages"}],"about":[{"href":"https:\/\/basicgreenfriends.com\/index.php\/wp-json\/wp\/v2\/types\/page"}],"author":[{"embeddable":true,"href":"https:\/\/basicgreenfriends.com\/index.php\/wp-json\/wp\/v2\/users\/1"}],"replies":[{"embeddable":true,"href":"https:\/\/basicgreenfriends.com\/index.php\/wp-json\/wp\/v2\/comments?post=46"}],"version-history":[{"count":3,"href":"https:\/\/basicgreenfriends.com\/index.php\/wp-json\/wp\/v2\/pages\/46\/revisions"}],"predecessor-version":[{"id":50,"href":"https:\/\/basicgreenfriends.com\/index.php\/wp-json\/wp\/v2\/pages\/46\/revisions\/50"}],"wp:attachment":[{"href":"https:\/\/basicgreenfriends.com\/index.php\/wp-json\/wp\/v2\/media?parent=46"}],"curies":[{"name":"wp","href":"https:\/\/api.w.org\/{rel}","templated":true}]}}